{"id":454,"date":"2025-06-03T09:38:06","date_gmt":"2025-06-03T09:38:06","guid":{"rendered":"https:\/\/fundacionroblespozo.es\/?page_id=454"},"modified":"2025-06-05T11:47:39","modified_gmt":"2025-06-05T11:47:39","slug":"inicio-home-2","status":"publish","type":"page","link":"http:\/\/fundacionroblespozo.es\/index.php\/inicio-home-2\/","title":{"rendered":"Inicio\/Home"},"content":{"rendered":"\n<div class=\"wp-block-nextend-smartslider3\"><\/div>\n\n\n\n<div style=\"height:70px\" aria-hidden=\"true\" class=\"wp-block-spacer\"><\/div>\n\n\n\n<h2 class=\"has-medium-font-size\">\u00daltimas noticias<\/h2>\n\n\n\n<hr class=\"wp-block-separator has-text-color has-background has-accent-background-color has-accent-color is-style-default\"\/>\n\n\n\n<div class=\"wp-block-columns\">\n<div class=\"wp-block-column is-vertically-aligned-top\"><ul class=\"wp-block-latest-posts__list wp-block-latest-posts\"><li><div class=\"wp-block-latest-posts__featured-image\"><img width=\"300\" height=\"200\" src=\"http:\/\/fundacionroblespozo.es\/wp-content\/uploads\/2022\/11\/FhzERqiWIAUo-a3-300x200.jpg\" class=\"attachment-medium size-medium wp-post-image\" alt=\"\" loading=\"lazy\" style=\"\" srcset=\"http:\/\/fundacionroblespozo.es\/wp-content\/uploads\/2022\/11\/FhzERqiWIAUo-a3-300x200.jpg 300w, http:\/\/fundacionroblespozo.es\/wp-content\/uploads\/2022\/11\/FhzERqiWIAUo-a3-1024x681.jpg 1024w, http:\/\/fundacionroblespozo.es\/wp-content\/uploads\/2022\/11\/FhzERqiWIAUo-a3-768x511.jpg 768w, http:\/\/fundacionroblespozo.es\/wp-content\/uploads\/2022\/11\/FhzERqiWIAUo-a3-1536x1021.jpg 1536w, http:\/\/fundacionroblespozo.es\/wp-content\/uploads\/2022\/11\/FhzERqiWIAUo-a3.jpg 1600w\" sizes=\"(max-width: 300px) 100vw, 300px\" \/><\/div><a href=\"http:\/\/fundacionroblespozo.es\/index.php\/2023\/06\/26\/xi-pasrela-fortuny\/\">XI PASARELA FORTUNY<\/a><div class=\"wp-block-latest-posts__post-excerpt\">La pasarela Fortuny de j\u00f3venes dise\u00f1adores de Granada es un evento destacado en el mundo de la moda que proporciona una plataforma para que los talentosos dise\u00f1adores emergentes muestren sus creaciones al p\u00fablico. Esta pasarela, que lleva el nombre del famoso pintor granadino Mariano Fortuny, re\u00fane a j\u00f3venes promesas de la moda y les brinda la oportunidad de exhibir sus dise\u00f1os \u00fanicos y originales. La pasarela Fortuny es un escaparate para la creatividad y la innovaci\u00f3n &#8230; <a title=\"XI PASARELA FORTUNY\" class=\"read-more\" href=\"http:\/\/fundacionroblespozo.es\/index.php\/2023\/06\/26\/xi-pasrela-fortuny\/\" aria-label=\"M\u00e1s en XI PASARELA FORTUNY\">Leer m\u00e1s<\/a><\/div><\/li>\n<\/ul><\/div>\n\n\n\n<div class=\"wp-block-column\">\n<figure class=\"wp-block-embed is-type-rich is-provider-twitter wp-block-embed-twitter\"><div class=\"wp-block-embed__wrapper\">\n<blockquote class=\"twitter-tweet\" data-width=\"550\" data-dnt=\"true\"><p lang=\"ca\" dir=\"ltr\">IX PASARELA FORTUNY<br>V\u00eddeo Oficial @EAG_oficial <a href=\"https:\/\/twitter.com\/EducaAnd?ref_src=twsrc%5Etfw\">@EducaAnd<\/a> <a href=\"https:\/\/twitter.com\/JuntaGranada?ref_src=twsrc%5Etfw\">@JuntaGranada<\/a> <a href=\"https:\/\/twitter.com\/CentroFGL?ref_src=twsrc%5Etfw\">@CentroFGL<\/a> <a href=\"https:\/\/twitter.com\/aytogr?ref_src=twsrc%5Etfw\">@aytogr<\/a> <a href=\"https:\/\/twitter.com\/dipgra?ref_src=twsrc%5Etfw\">@dipgra<\/a> <a href=\"https:\/\/twitter.com\/roblespozo_f?ref_src=twsrc%5Etfw\">@roblespozo_f<\/a> <a href=\"https:\/\/twitter.com\/IAJuventud?ref_src=twsrc%5Etfw\">@IAJuventud<\/a> <a href=\"https:\/\/twitter.com\/granadahoy?ref_src=twsrc%5Etfw\">@granadahoy<\/a> <a href=\"https:\/\/twitter.com\/aad_andalucia?ref_src=twsrc%5Etfw\">@aad_andalucia<\/a> <a href=\"https:\/\/twitter.com\/CCGranada?ref_src=twsrc%5Etfw\">@CCGranada<\/a> <a href=\"https:\/\/twitter.com\/EIPGranada?ref_src=twsrc%5Etfw\">@EIPGranada<\/a> <a href=\"https:\/\/twitter.com\/AgenciaAIRE?ref_src=twsrc%5Etfw\">@AgenciaAIRE<\/a> <a href=\"https:\/\/twitter.com\/Patricia_Pozo_?ref_src=twsrc%5Etfw\">@Patricia_Pozo_<\/a> <a href=\"https:\/\/twitter.com\/MacarenaOneill?ref_src=twsrc%5Etfw\">@MacarenaOneill<\/a> <a href=\"https:\/\/twitter.com\/MariaJoseBaza?ref_src=twsrc%5Etfw\">@MariaJoseBaza<\/a> <a href=\"https:\/\/twitter.com\/cadegranada?ref_src=twsrc%5Etfw\">@cadegranada<\/a> <a href=\"https:\/\/t.co\/c3MByR81b7\">pic.twitter.com\/c3MByR81b7<\/a><\/p>&mdash; EASD Val del Omar de Granada (@EASDValDelOmar) <a href=\"https:\/\/twitter.com\/EASDValDelOmar\/status\/1595183658054438913?ref_src=twsrc%5Etfw\">November 22, 2022<\/a><\/blockquote><script async src=\"https:\/\/platform.twitter.com\/widgets.js\" charset=\"utf-8\"><\/script>\n<\/div><\/figure>\n<\/div>\n<\/div>\n\n\n\n<figure class=\"wp-block-video\"><video autoplay controls loop muted src=\"http:\/\/fundacionroblespozo.es\/wp-content\/uploads\/2023\/06\/SnapInsta.io-IX-Pasarela-Fortuny-de-Jo\u0301venes-Disen\u0303adores-2022-1.mp4\" playsinline><\/video><\/figure>\n","protected":false},"excerpt":{"rendered":"<p>\u00daltimas noticias<\/p>\n","protected":false},"author":2,"featured_media":0,"parent":0,"menu_order":0,"comment_status":"closed","ping_status":"closed","template":"","meta":[],"_links":{"self":[{"href":"http:\/\/fundacionroblespozo.es\/index.php\/wp-json\/wp\/v2\/pages\/454"}],"collection":[{"href":"http:\/\/fundacionroblespozo.es\/index.php\/wp-json\/wp\/v2\/pages"}],"about":[{"href":"http:\/\/fundacionroblespozo.es\/index.php\/wp-json\/wp\/v2\/types\/page"}],"author":[{"embeddable":true,"href":"http:\/\/fundacionroblespozo.es\/index.php\/wp-json\/wp\/v2\/users\/2"}],"replies":[{"embeddable":true,"href":"http:\/\/fundacionroblespozo.es\/index.php\/wp-json\/wp\/v2\/comments?post=454"}],"version-history":[{"count":2,"href":"http:\/\/fundacionroblespozo.es\/index.php\/wp-json\/wp\/v2\/pages\/454\/revisions"}],"predecessor-version":[{"id":467,"href":"http:\/\/fundacionroblespozo.es\/index.php\/wp-json\/wp\/v2\/pages\/454\/revisions\/467"}],"wp:attachment":[{"href":"http:\/\/fundacionroblespozo.es\/index.php\/wp-json\/wp\/v2\/media?parent=454"}],"curies":[{"name":"wp","href":"https:\/\/api.w.org\/{rel}","templated":true}]}}